{"id":9,"date":"2024-06-24T12:59:06","date_gmt":"2024-06-24T10:59:06","guid":{"rendered":"https:\/\/laboitedecristy.com\/?page_id=9"},"modified":"2025-10-05T12:24:11","modified_gmt":"2025-10-05T10:24:11","slug":"accueil","status":"publish","type":"page","link":"https:\/\/laboitedecristy.com\/","title":{"rendered":"Accueil"},"content":{"rendered":"<p>&nbsp;<\/p>\r\n<p><span style=\"font-family: comic sans ms, sans-serif;\"><\/span><\/p>\r\n<p class=\"wp-block-paragraph\"><span style=\"font-size: 20px;\"><em><span style=\"color: #000000; font-family: comic sans ms, sans-serif;\">Bienvenue \u00e0 tous sur mon site d\u00e9di\u00e9 aux loisirs cr\u00e9atifs.<\/span><\/em><\/span><\/p>\r\n<p><span style=\"color: #000000; font-family: comic sans ms, sans-serif;\">\r\n\r\n<\/span><\/p>\r\n<p class=\"wp-block-paragraph\"><span style=\"color: #000000; font-family: comic sans ms, sans-serif;\">Je suis Christelle alias Cristy, j\u2019ai 43 ans, je suis mari\u00e9e, maman de 2 adorables enfants et belle-maman de 3 chouettes jeunes filles. Ayant un TDAH, j\u2019ai cherch\u00e9 un moyen de m\u2019organiser le plus efficacement possible. Un moyen qui me correspond et qui me ressemble. C\u2019est alors qu\u2019une de mes plus proches amies m\u2019a dit de prendre un simple carnet et de tout noter dedans, les choses \u00e0 faire, les rendez-vous, etc.\u2026 Mais, je n\u2019\u00e9tais pas attir\u00e9e par ce simple carnet et j\u2019ai donc cherch\u00e9 sur Google comment je pouvais l\u2019embellir et l\u2019am\u00e9liorer et c\u2019est ainsi que je suis tomb\u00e9e sur le Bullet Journal (bujo).<\/span><\/p>\r\n<p><span style=\"color: #000000; font-family: comic sans ms, sans-serif;\">\r\n\r\n<\/span><\/p>\r\n<p class=\"wp-block-paragraph\"><span style=\"color: #000000; font-family: comic sans ms, sans-serif;\">De fil en aiguille, en d\u00e9couvrant de nouvelles techniques d\u2019embellissement, j\u2019ai d\u00e9couvert l\u2019univers des loisirs cr\u00e9atifs. En testant toutes ses nouvelles choses, je me suis rendu compte que faire des loisirs cr\u00e9atifs me d\u00e9tendait et m\u2019apaisait.<\/span><\/p>\r\n<p><span style=\"color: #000000; font-family: comic sans ms, sans-serif;\">\r\n\r\n<\/span><\/p>\r\n<p class=\"wp-block-paragraph\"><span style=\"color: #000000; font-family: comic sans ms, sans-serif;\">Le bujo et les loisirs cr\u00e9atifs m\u2019ont alors permis de non seulement m\u2019organiser, mais \u00e9galement de mani\u00e8re th\u00e9rapeutique, de me vider la t\u00eate, de me relaxer et m\u2019offrir des moments de bien-\u00eatre.<\/span><\/p>\r\n<p><span style=\"color: #000000; font-family: comic sans ms, sans-serif;\">\r\n\r\n<\/span><\/p>\r\n<p class=\"wp-block-paragraph\"><span style=\"color: #000000; font-family: comic sans ms, sans-serif;\">Apr\u00e8s m\u00fbres r\u00e9flexions et avec le soutien de mon mari, de ma famille et de mes amis, j\u2019ai d\u00e9cid\u00e9 de joindre l\u2019utile \u00e0 l\u2019agr\u00e9able et de partager cette passion et cette bulle de bien-\u00eatre.<\/span><\/p>\r\n<p><span style=\"color: #000000; font-family: comic sans ms, sans-serif;\">\r\n\r\n<\/span><\/p>\r\n<p class=\"wp-block-paragraph\"><span style=\"color: #000000; font-family: comic sans ms, sans-serif;\">Et me voil\u00e0 lanc\u00e9e dans cette aventure afin de pouvoir vous proposer des ateliers bujo\/organisateurs, des ateliers de loisirs cr\u00e9atifs, la vente de cartes faites maison et personnalis\u00e9es, des articles d&rsquo;organisation,&#8230;<\/span><\/p>\r\n<p><span style=\"color: #000000; font-family: comic sans ms, sans-serif;\">\r\n\r\n<\/span><\/p>\r\n<p class=\"wp-block-paragraph\"><span style=\"color: #000000; font-family: comic sans ms, sans-serif;\">Je vous laisse voyager \u00e0 travers les diff\u00e9rents onglets pour vous permettre de d\u00e9couvrir plus en d\u00e9tail tout mon univers.<\/span><\/p>\r\n<p><span style=\"color: #000000; font-family: comic sans ms, sans-serif;\">\r\n\r\n<\/span><\/p>\r\n<p class=\"wp-block-paragraph\"><span style=\"color: #000000; font-family: comic sans ms, sans-serif;\">Cristy<\/span><\/p>\r\n","protected":false},"excerpt":{"rendered":"<p>&nbsp; Bienvenue \u00e0 tous sur mon site d\u00e9di\u00e9 aux loisirs cr\u00e9atifs. Je suis Christelle alias Cristy, j\u2019ai 43 ans, je suis mari\u00e9e, maman de 2 adorables enfants et belle-maman de 3 chouettes jeunes filles. Ayant un TDAH, j\u2019ai cherch\u00e9 un &hellip; <a href=\"https:\/\/laboitedecristy.com\/\">Continuer la lecture <span class=\"meta-nav\">&rarr;<\/span><\/a><\/p>\n","protected":false},"author":2,"featured_media":0,"parent":0,"menu_order":0,"comment_status":"closed","ping_status":"closed","template":"","meta":{"_crdt_document":"","footnotes":""},"class_list":["post-9","page","type-page","status-publish","hentry"],"_links":{"self":[{"href":"https:\/\/laboitedecristy.com\/index.php\/wp-json\/wp\/v2\/pages\/9","targetHints":{"allow":["GET"]}}],"collection":[{"href":"https:\/\/laboitedecristy.com\/index.php\/wp-json\/wp\/v2\/pages"}],"about":[{"href":"https:\/\/laboitedecristy.com\/index.php\/wp-json\/wp\/v2\/types\/page"}],"author":[{"embeddable":true,"href":"https:\/\/laboitedecristy.com\/index.php\/wp-json\/wp\/v2\/users\/2"}],"replies":[{"embeddable":true,"href":"https:\/\/laboitedecristy.com\/index.php\/wp-json\/wp\/v2\/comments?post=9"}],"version-history":[{"count":8,"href":"https:\/\/laboitedecristy.com\/index.php\/wp-json\/wp\/v2\/pages\/9\/revisions"}],"predecessor-version":[{"id":55,"href":"https:\/\/laboitedecristy.com\/index.php\/wp-json\/wp\/v2\/pages\/9\/revisions\/55"}],"wp:attachment":[{"href":"https:\/\/laboitedecristy.com\/index.php\/wp-json\/wp\/v2\/media?parent=9"}],"curies":[{"name":"wp","href":"https:\/\/api.w.org\/{rel}","templated":true}]}}